{"id":34419,"date":"2023-10-29T18:25:54","date_gmt":"2023-10-29T21:25:54","guid":{"rendered":"https:\/\/sateg.com.br\/imprensa\/?page_id=34419"},"modified":"2024-07-02T14:20:25","modified_gmt":"2024-07-02T17:20:25","slug":"a-radio","status":"publish","type":"page","link":"https:\/\/radioimprensa.com.br\/index.php\/a-radio\/","title":{"rendered":"A R\u00e1dio"},"content":{"rendered":"\n<p>A hist\u00f3ria da radiodifus\u00e3o no Brasil, pode-se dizer, est\u00e1 dividida em duas etapas: antes e depois de Anna Khoury. ousadia, intelig\u00eancia e pioneirismo eram caracter\u00edsticas dessa dama, que em 1949 fundou, no Rio de Janeiro, a R\u00e1dio Eldorado, utilizando pela 1\u00aa vez em nosso pa\u00eds canais exclusivos de outras na\u00e7\u00f5es.<\/p>\n\n\n\n<p>Em 1955, novamente D. Anna Khoury destacou-se no cen\u00e1rio brasileiro, quando fez o Brasil entrar na era da FM (Freq\u00fc\u00eancia Modulada) ao fundar a R\u00e1dio Imprensa, incentivando ainda a ind\u00fastria de receptores de FM, naquela \u00e9poca ainda inexistentes no pa\u00eds. Na d\u00e9cada de 50, a onda de FM era utilizada apenas para ligar o est\u00fadio aos transmissores de r\u00e1dio, como se fosse uma linha telef\u00f4nica privativa.<\/p>\n\n\n\n<p>Devido a injun\u00e7\u00f5es pol\u00edticas da \u00e9poca, D. Anna havia sido despojada de seus canais de AM (R\u00e1dio Eldorado) em favor de grupos jornal\u00edsticos politicamente influentes.<\/p>\n\n\n\n<p>Resolveu por isso iniciar as transmiss\u00f5es em FM, at\u00e9 ent\u00e3o inexistente como radiodifus\u00e3o. A R\u00e1dio Imprensa FM surgiu tamb\u00e9m com o primeiro transmissor constru\u00eddo no Brasil, devido a dificuldades de importa\u00e7\u00e3o. E a pr\u00f3pria emissora, com o comando de sua Presidente, teve de iniciar a primeira ind\u00fastria de r\u00e1dios receptores de FM. O mercado publicit\u00e1rio para r\u00e1dio era forte mas para FM era quase inexistente, uma vez que n\u00e3o havia ouvintes. A\u00ed nasceu a m\u00fasica ambiente em FM.<\/p>\n\n\n\n<p>Os receptores fabricados eram locados a clientes que ouviam m\u00fasica no ambiente de trabalho. A id\u00e9ia foi bem aceita pelo mercado e, at\u00e9 1976, a transmiss\u00e3o da R\u00e1dio Imprensa, \u00fanica emissora em FM, era exclusivamente musical, sem qualquer locu\u00e7\u00e3o. Com o \u201cboom\u201d das FMs, outras emissoras come\u00e7aram a surgir, 20 anos ap\u00f3s a inaugura\u00e7\u00e3o da R\u00e1dio Imprensa FM.<\/p>\n\n\n\n<p>A R\u00e1dio Imprensa ent\u00e3o, novamente pioneira,passou a transmitir na mesma onda com 2 canais, um para livre recep\u00e7\u00e3o do p\u00fablico, e outro codificado destinado somente aos clientes assinantes de m\u00fasica ambiente.&nbsp;<\/p>\n","protected":false},"excerpt":{"rendered":"<p>A hist\u00f3ria da radiodifus\u00e3o no Brasil, pode-se dizer, est\u00e1 dividida em duas etapas: antes e depois de Anna Khoury. ousadia, intelig\u00eancia e pioneirismo eram caracter\u00edsticas dessa dama, que em 1949 fundou, no Rio de Janeiro, a R\u00e1dio Eldorado, utilizando pela 1\u00aa vez em nosso pa\u00eds canais exclusivos de outras na\u00e7\u00f5es. Em 1955, novamente D. Anna &hellip; <\/p>\n","protected":false},"author":1,"featured_media":0,"parent":0,"menu_order":0,"comment_status":"closed","ping_status":"closed","template":"","meta":{"footnotes":""},"class_list":["post-34419","page","type-page","status-publish","hentry"],"_links":{"self":[{"href":"https:\/\/radioimprensa.com.br\/index.php\/wp-json\/wp\/v2\/pages\/34419","targetHints":{"allow":["GET"]}}],"collection":[{"href":"https:\/\/radioimprensa.com.br\/index.php\/wp-json\/wp\/v2\/pages"}],"about":[{"href":"https:\/\/radioimprensa.com.br\/index.php\/wp-json\/wp\/v2\/types\/page"}],"author":[{"embeddable":true,"href":"https:\/\/radioimprensa.com.br\/index.php\/wp-json\/wp\/v2\/users\/1"}],"replies":[{"embeddable":true,"href":"https:\/\/radioimprensa.com.br\/index.php\/wp-json\/wp\/v2\/comments?post=34419"}],"version-history":[{"count":2,"href":"https:\/\/radioimprensa.com.br\/index.php\/wp-json\/wp\/v2\/pages\/34419\/revisions"}],"predecessor-version":[{"id":35931,"href":"https:\/\/radioimprensa.com.br\/index.php\/wp-json\/wp\/v2\/pages\/34419\/revisions\/35931"}],"wp:attachment":[{"href":"https:\/\/radioimprensa.com.br\/index.php\/wp-json\/wp\/v2\/media?parent=34419"}],"curies":[{"name":"wp","href":"https:\/\/api.w.org\/{rel}","templated":true}]}}