{"id":34429,"date":"2023-10-29T18:27:44","date_gmt":"2023-10-29T21:27:44","guid":{"rendered":"https:\/\/sateg.com.br\/imprensa\/?page_id=34429"},"modified":"2023-12-01T16:47:20","modified_gmt":"2023-12-01T19:47:20","slug":"contato","status":"publish","type":"page","link":"https:\/\/radioimprensa.com.br\/index.php\/contato\/","title":{"rendered":"Contato"},"content":{"rendered":"\t\t<div data-elementor-type=\"wp-page\" data-elementor-id=\"34429\" class=\"elementor elementor-34429\">\n\t\t\t\t<div class=\"elementor-element elementor-element-0584b34 e-flex e-con-boxed e-con e-parent\" data-id=\"0584b34\" data-element_type=\"container\">\n\t\t\t\t\t<div class=\"e-con-inner\">\n\t\t<div class=\"elementor-element elementor-element-6d1edea e-con-full e-flex e-con e-child\" data-id=\"6d1edea\" data-element_type=\"container\">\n\t\t\t\t<div class=\"elementor-element elementor-element-1f6f015 elementor-widget elementor-widget-wpforms\" data-id=\"1f6f015\" data-element_type=\"widget\" data-widget_type=\"wpforms.default\">\n\t\t\t\t<div class=\"elementor-widget-container\">\n\t\t\t\t\t<style id=\"wpforms-css-vars-elementor-widget-1f6f015\">\n\t\t\t\t.elementor-widget-wpforms.elementor-element-1f6f015 {\n\t\t\t\t--wpforms-field-size-input-height: 31px;\n--wpforms-field-size-input-spacing: 10px;\n--wpforms-field-size-font-size: 14px;\n--wpforms-field-size-line-height: 17px;\n--wpforms-field-size-padding-h: 9px;\n--wpforms-field-size-checkbox-size: 14px;\n--wpforms-field-size-sublabel-spacing: 5px;\n--wpforms-field-size-icon-size: 0.75;\n--wpforms-label-size-font-size: 16px;\n--wpforms-label-size-line-height: 19px;\n--wpforms-label-size-sublabel-font-size: 14px;\n--wpforms-label-size-sublabel-line-height: 17px;\n--wpforms-button-size-font-size: 17px;\n--wpforms-button-size-height: 41px;\n--wpforms-button-size-padding-h: 15px;\n--wpforms-button-size-margin-top: 10px;\n\n\t\t\t}\n\t\t\t<\/style>\t\t\t\t<\/div>\n\t\t\t\t<\/div>\n\t\t\t\t<\/div>\n\t\t<div class=\"elementor-element elementor-element-b5e09bb e-con-full e-flex e-con e-child\" data-id=\"b5e09bb\" data-element_type=\"container\">\n\t\t\t\t<div class=\"elementor-element elementor-element-b63f558 elementor-widget elementor-widget-google_maps\" data-id=\"b63f558\" data-element_type=\"widget\" data-widget_type=\"google_maps.default\">\n\t\t\t\t<div class=\"elementor-widget-container\">\n\t\t\t\t\t\t\t<div class=\"elementor-custom-embed\">\n\t\t\t<iframe loading=\"lazy\"\n\t\t\t\t\tsrc=\"https:\/\/maps.google.com\/maps?q=S%C3%A3o%20Paulo%3A%20Pra%C3%A7a%20Oswaldo%20Cruz%2C%20124%20-%20Para%C3%ADso%2C%2004004-903&#038;t=m&#038;z=10&#038;output=embed&#038;iwloc=near\"\n\t\t\t\t\ttitle=\"S\u00e3o Paulo: Pra\u00e7a Oswaldo Cruz, 124 - Para\u00edso, 04004-903\"\n\t\t\t\t\taria-label=\"S\u00e3o Paulo: Pra\u00e7a Oswaldo Cruz, 124 - Para\u00edso, 04004-903\"\n\t\t\t><\/iframe>\n\t\t<\/div>\n\t\t\t\t\t\t<\/div>\n\t\t\t\t<\/div>\n\t\t\t\t<div class=\"elementor-element elementor-element-4a0f48b elementor-widget elementor-widget-text-editor\" data-id=\"4a0f48b\" data-element_type=\"widget\" data-widget_type=\"text-editor.default\">\n\t\t\t\t<div class=\"elementor-widget-container\">\n\t\t\t\t\t\t\t\t\t<p><strong>Localiza\u00e7\u00e3o:<\/strong> Pra\u00e7a Oswaldo Cruz, 124 &#8211; Para\u00edso, 04004-903 &#8211; S\u00e3o Paulo-SP<\/p>\n<p><strong>Telefone | WhatsApp:<\/strong> (11) 3174-1065<\/p>\n<p><strong>E-mail:<\/strong> imprensa@radioimprensa.com.br<\/p>\n<div class=\"cs-element evapb-column col-md-6\">&nbsp;<\/div>\n<div class=\"cs-element evapb-column col-md-6\">\n<h4>&nbsp;<\/h4>\n<\/div>\n<div class=\"cs-element evapb-column col-md-6\">&nbsp;<\/div>\t\t\t\t\t\t\t\t<\/div>\n\t\t\t\t<\/div>\n\t\t\t\t<\/div>\n\t\t\t\t\t<\/div>\n\t\t\t\t<\/div>\n\t\t\t\t<\/div>\n\t\t","protected":false},"excerpt":{"rendered":"<p>Ative o JavaScript no seu navegador para preencher este formul\u00e1rio.Ative o JavaScript no seu navegador para preencher este formul\u00e1rio. Nome * NomeSobrenome E-mail *Coment\u00e1rio ou Mensagem * Enviar Localiza\u00e7\u00e3o: Pra\u00e7a Oswaldo Cruz, 124 &#8211; Para\u00edso, 04004-903 &#8211; S\u00e3o Paulo-SP Telefone | WhatsApp: (11) 3174-1065 E-mail: imprensa@radioimprensa.com.br &nbsp; &nbsp; &nbsp;<\/p>\n","protected":false},"author":1,"featured_media":0,"parent":0,"menu_order":0,"comment_status":"closed","ping_status":"closed","template":"","meta":{"footnotes":""},"class_list":["post-34429","page","type-page","status-publish","hentry"],"_links":{"self":[{"href":"https:\/\/radioimprensa.com.br\/index.php\/wp-json\/wp\/v2\/pages\/34429","targetHints":{"allow":["GET"]}}],"collection":[{"href":"https:\/\/radioimprensa.com.br\/index.php\/wp-json\/wp\/v2\/pages"}],"about":[{"href":"https:\/\/radioimprensa.com.br\/index.php\/wp-json\/wp\/v2\/types\/page"}],"author":[{"embeddable":true,"href":"https:\/\/radioimprensa.com.br\/index.php\/wp-json\/wp\/v2\/users\/1"}],"replies":[{"embeddable":true,"href":"https:\/\/radioimprensa.com.br\/index.php\/wp-json\/wp\/v2\/comments?post=34429"}],"version-history":[{"count":7,"href":"https:\/\/radioimprensa.com.br\/index.php\/wp-json\/wp\/v2\/pages\/34429\/revisions"}],"predecessor-version":[{"id":35098,"href":"https:\/\/radioimprensa.com.br\/index.php\/wp-json\/wp\/v2\/pages\/34429\/revisions\/35098"}],"wp:attachment":[{"href":"https:\/\/radioimprensa.com.br\/index.php\/wp-json\/wp\/v2\/media?parent=34429"}],"curies":[{"name":"wp","href":"https:\/\/api.w.org\/{rel}","templated":true}]}}